{"id":4683,"date":"2024-05-21T11:51:24","date_gmt":"2024-05-21T09:51:24","guid":{"rendered":"https:\/\/mecanizadossuguz.com\/avis-juridique\/"},"modified":"2024-05-21T11:51:24","modified_gmt":"2024-05-21T09:51:24","slug":"avis-juridique","status":"publish","type":"page","link":"https:\/\/mecanizadossuguz.com\/fr\/avis-juridique\/","title":{"rendered":"Avis juridique"},"content":{"rendered":"<p>Afin de respecter l&rsquo;article 10 de la loi 34\/2002 sur les services de la soci\u00e9t\u00e9 de l&rsquo;information et le commerce \u00e9lectronique, nous informons l&rsquo;utilisateur de nos donn\u00e9es.<\/p>\n<ul>\n<li><strong>Nom commercial :<\/strong> Mecanizados Suguz<\/li>\n<li><strong>Nom de l&rsquo;entreprise :<\/strong> SUGUZ, S.L. (ci-apr\u00e8s \u00ab\u00a0l&rsquo;entreprise\u00a0\u00bb ou le \u00ab\u00a0responsable\u00a0\u00bb)<\/li>\n<li><strong>Si\u00e8ge social :<\/strong> <a href=\"https:\/\/mecanizadossuguz.com\/fr\/localisation-de-mecanizados-suguz\/\"><span class=\"elementor-icon-list-text\">Gudarien Hiribidea 39. 20140 Andoain, Gipuzkoa <\/span><\/a><\/li>\n<li><strong>NUM\u00c9RO DE TVA :<\/strong> B20026381<\/li>\n<li><strong>Num\u00e9ros de t\u00e9l\u00e9phone :<\/strong> <span id=\"myTelephone\" class=\"lh1-5\">+34 943 453 011, +34 943 460 269, +34 943 300 620<\/span><\/li>\n<li><strong>Site web :<\/strong> mecanizadossuguz.com<\/li>\n<\/ul>\n<h2>OBJET<\/h2>\n<p>Le fournisseur, responsable du site Web, met \u00e0 la disposition des utilisateurs le pr\u00e9sent document dans le but de respecter les obligations pr\u00e9vues par la loi 34\/2002 sur les services de la soci\u00e9t\u00e9 de l&rsquo;information et le commerce \u00e9lectronique (LSSI-CE) et d&rsquo;informer tous les utilisateurs du site Web des conditions d&rsquo;utilisation de ce dernier. Toute personne acc\u00e9dant \u00e0 ce site Web assume le r\u00f4le d&rsquo;utilisateur et s&rsquo;engage \u00e0 observer et \u00e0 respecter strictement les pr\u00e9sentes dispositions, ainsi que toute autre disposition l\u00e9gale applicable. Le fournisseur se r\u00e9serve le droit de modifier tout type d&rsquo;information pouvant figurer sur le site Web, sans obligation de pr\u00e9avis ni d&rsquo;information des utilisateurs, la publication sur le site Web du fournisseur \u00e9tant consid\u00e9r\u00e9e comme suffisante.<\/p>\n<h2>RESPONSABILIT\u00c9<\/h2>\n<p>Le fournisseur d\u00e9cline toute responsabilit\u00e9 quant aux informations publi\u00e9es sur son site web, dans la mesure o\u00f9 ces informations ont \u00e9t\u00e9 manipul\u00e9es ou introduites par un tiers ext\u00e9rieur \u00e0 ce dernier. Le site web du fournisseur peut utiliser des cookies (petits fichiers d&rsquo;information que le serveur envoie \u00e0 l&rsquo;ordinateur de la personne qui acc\u00e8de \u00e0 la page) pour ex\u00e9cuter certaines fonctions consid\u00e9r\u00e9es comme essentielles au bon fonctionnement et \u00e0 la visualisation du site. Les cookies utilis\u00e9s sur le site ont, en tout \u00e9tat de cause, un caract\u00e8re temporaire dans le seul but de rendre plus efficace leur transmission ult\u00e9rieure et disparaissent \u00e0 la fin de la session de l&rsquo;utilisateur. Les cookies ne sont en aucun cas utilis\u00e9s pour collecter des informations personnelles. \u00c0 partir du site web du client, il est possible que vous soyez redirig\u00e9 vers le contenu de sites web de tiers. \u00c9tant donn\u00e9 que le fournisseur ne peut pas toujours contr\u00f4ler le contenu introduit par des tiers sur leurs sites web, il n&rsquo;assume aucune responsabilit\u00e9 pour ce contenu. En tout \u00e9tat de cause, le fournisseur d\u00e9clare qu&rsquo;il retirera imm\u00e9diatement tout contenu susceptible de contrevenir \u00e0 la l\u00e9gislation nationale ou internationale, \u00e0 la morale ou \u00e0 l&rsquo;ordre public, en proc\u00e9dant au retrait imm\u00e9diat de la redirection vers ledit site web, en informant les autorit\u00e9s comp\u00e9tentes du contenu en question. Le fournisseur n&rsquo;est pas responsable des informations et des contenus stock\u00e9s, y compris, mais sans s&rsquo;y limiter, dans les forums, les chats, les g\u00e9n\u00e9rateurs de blogs, les commentaires, les r\u00e9seaux sociaux ou tout autre support permettant \u00e0 des tiers de publier des contenus de mani\u00e8re ind\u00e9pendante sur le site web du fournisseur. Toutefois, et conform\u00e9ment aux dispositions des articles 11 et 16 de la LSSI-CE, le fournisseur est \u00e0 la disposition de tous les utilisateurs, des autorit\u00e9s et des forces de s\u00e9curit\u00e9, et collabore activement au retrait ou au blocage de tous les contenus susceptibles d&rsquo;affecter ou de contrevenir \u00e0 la l\u00e9gislation nationale ou internationale, aux droits des tiers ou \u00e0 la morale et \u00e0 l&rsquo;ordre public. Si l&rsquo;utilisateur consid\u00e8re qu&rsquo;il existe sur le site un contenu susceptible d&rsquo;\u00eatre class\u00e9 dans cette cat\u00e9gorie, il est pri\u00e9 d&rsquo;en informer imm\u00e9diatement l&rsquo;administrateur du site. Ce site web a \u00e9t\u00e9 v\u00e9rifi\u00e9 et test\u00e9 afin d&rsquo;en assurer le bon fonctionnement. En principe, son bon fonctionnement peut \u00eatre garanti 365 jours par an et 24 heures par jour. Toutefois, le fournisseur n&rsquo;exclut pas la possibilit\u00e9 de certaines erreurs de programmation, ni la survenance de cas de force majeure, de catastrophes naturelles, de gr\u00e8ves ou de circonstances similaires rendant l&rsquo;acc\u00e8s au site impossible.<\/p>\n<h2>PROPRI\u00c9T\u00c9 INDUSTRIELLE ET INTELLECTUELLE<\/h2>\n<p>Le site Web, y compris, mais sans s&rsquo;y limiter, sa programmation, son \u00e9dition, sa compilation et les autres \u00e9l\u00e9ments n\u00e9cessaires \u00e0 son fonctionnement, les dessins, les logos, les textes et\/ou les graphiques sont la propri\u00e9t\u00e9 du fournisseur ou, le cas \u00e9ch\u00e9ant, il dispose d&rsquo;une licence ou d&rsquo;une autorisation expresse de la part des auteurs. Tous les contenus du site Web sont d\u00fbment prot\u00e9g\u00e9s par la r\u00e9glementation en mati\u00e8re de propri\u00e9t\u00e9 intellectuelle et industrielle, et sont inscrits dans les registres publics correspondants. Ind\u00e9pendamment de la finalit\u00e9 \u00e0 laquelle ils sont destin\u00e9s, la reproduction, l&rsquo;utilisation, l&rsquo;exploitation, la distribution et la commercialisation, totales ou partielles, requi\u00e8rent dans tous les cas l&rsquo;autorisation \u00e9crite pr\u00e9alable du fournisseur. Toute utilisation non pr\u00e9alablement autoris\u00e9e par le prestataire sera consid\u00e9r\u00e9e comme une violation grave des droits de propri\u00e9t\u00e9 intellectuelle ou industrielle de l&rsquo;auteur. Les dessins, logos, textes et\/ou graphiques qui n&rsquo;appartiennent pas au prestataire et qui peuvent appara\u00eetre sur le site web appartiennent \u00e0 leurs propri\u00e9taires respectifs, qui sont eux-m\u00eames responsables de toute controverse \u00e9ventuelle \u00e0 ce sujet. Dans tous les cas, le prestataire doit obtenir l&rsquo;autorisation expresse et pr\u00e9alable des propri\u00e9taires. Le fournisseur n&rsquo;autorise express\u00e9ment pas les tiers \u00e0 rediriger directement vers les contenus sp\u00e9cifiques du site web, et doit en tout \u00e9tat de cause rediriger vers le site web principal du fournisseur. Le fournisseur reconna\u00eet les droits de propri\u00e9t\u00e9 industrielle et intellectuelle correspondants en faveur de leurs propri\u00e9taires, et leur simple mention ou apparition sur le site web n&rsquo;implique l&rsquo;existence d&rsquo;aucun droit ou responsabilit\u00e9 du fournisseur \u00e0 leur \u00e9gard, ni aucune approbation, parrainage ou recommandation de sa part. Pour formuler tout type d&rsquo;observation concernant d&rsquo;\u00e9ventuelles violations des droits de propri\u00e9t\u00e9 intellectuelle ou industrielle, ainsi que tout contenu du site web, vous pouvez le faire en envoyant un courrier \u00e9lectronique \u00e0 l&rsquo;adresse suivante. <\/p>\n<h2>V\u00e9racit\u00e9 des informations<\/h2>\n<p>Toutes les informations fournies par l&rsquo;utilisateur doivent \u00eatre v\u00e9ridiques. \u00c0 cet effet, l&rsquo;utilisateur garantit l&rsquo;authenticit\u00e9 des donn\u00e9es communiqu\u00e9es par le biais des formulaires de souscription aux services. Il incombera \u00e0 l&rsquo;Utilisateur de maintenir \u00e0 jour en permanence toutes les informations fournies \u00e0 SUGUZ, S.L. afin qu&rsquo;elles correspondent, \u00e0 tout moment, \u00e0 sa situation r\u00e9elle. Dans tous les cas, l&rsquo;utilisateur sera le seul responsable des d\u00e9clarations fausses ou inexactes qu&rsquo;il fait et des dommages qu&rsquo;il cause au fournisseur ou \u00e0 des tiers.   <\/p>\n<h2>Mineurs<\/h2>\n<p>Pour utiliser les services, les mineurs doivent toujours obtenir le consentement pr\u00e9alable de leurs parents, tuteurs ou repr\u00e9sentants l\u00e9gaux, qui sont responsables en dernier ressort de tous les actes accomplis par les mineurs dont ils ont la charge. C&rsquo;est pourquoi, s&rsquo;ils acc\u00e8dent \u00e0 des contenus inappropri\u00e9s sur Internet, des m\u00e9canismes devront \u00eatre mis en place sur leurs ordinateurs, en particulier des programmes informatiques, des filtres et des blocs, qui permettent de limiter les contenus disponibles et qui, bien qu&rsquo;ils ne soient pas infaillibles, sont particuli\u00e8rement utiles pour contr\u00f4ler et restreindre le mat\u00e9riel auquel les mineurs peuvent acc\u00e9der. <\/p>\n<h2>Obligation d&rsquo;utiliser correctement le site web<\/h2>\n<p>L&rsquo;utilisateur s&rsquo;engage \u00e0 utiliser le site Web conform\u00e9ment \u00e0 la loi et au pr\u00e9sent avis juridique, ainsi qu&rsquo;\u00e0 la morale et aux bonnes m\u0153urs. \u00c0 cette fin, l&rsquo;utilisateur s&rsquo;abstiendra d&rsquo;utiliser la page \u00e0 des fins illicites ou interdites, pr\u00e9judiciables aux droits et aux int\u00e9r\u00eats des tiers, ou susceptibles d&rsquo;endommager, de rendre inutilisable, de surcharger, de d\u00e9t\u00e9riorer ou d&#8217;emp\u00eacher l&rsquo;utilisation normale des \u00e9quipements informatiques ou des documents, fichiers et contenus de toute nature stock\u00e9s sur tout \u00e9quipement informatique appartenant au fournisseur. En particulier, et \u00e0 titre d&rsquo;exemple non exhaustif, l&rsquo;utilisateur s&rsquo;engage \u00e0 ne pas transmettre, diffuser ou mettre \u00e0 la disposition de tiers des informations, donn\u00e9es, contenus, messages, graphiques, dessins, fichiers de son ou d&rsquo;image, photographies, enregistrements, logiciels et, en g\u00e9n\u00e9ral, tout type de mat\u00e9riel qui : (a) est contraire, m\u00e9prise ou viole les droits fondamentaux et les libert\u00e9s publiques reconnus constitutionnellement, dans les trait\u00e9s internationaux et autres r\u00e9glementations en vigueur ; (b) incite, encourage ou promeut des actions criminelles, d\u00e9nigrantes, diffamatoires, violentes ou, en g\u00e9n\u00e9ral, des actions contraires \u00e0 la loi, \u00e0 la moralit\u00e9 et \u00e0 l&rsquo;ordre public ; (c) incite, encourage ou promeut des actions criminelles, d\u00e9nigrantes, diffamatoires, violentes ou, en g\u00e9n\u00e9ral, des actions contraires \u00e0 la moralit\u00e9 et \u00e0 l&rsquo;ordre public ; (c) induit, incite ou promeut des actions, attitudes ou pens\u00e9es discriminatoires en raison du sexe, de la race, de la religion, des croyances, de l&rsquo;\u00e2ge ou de la condition ; (d) est contraire au droit \u00e0 l&rsquo;honneur, \u00e0 la vie priv\u00e9e personnelle ou familiale ou \u00e0 l&rsquo;image de soi ; (e) porte atteinte de quelque mani\u00e8re que ce soit \u00e0 la cr\u00e9dibilit\u00e9 du fournisseur ou de tiers ; et (f) constitue une publicit\u00e9 illicite, trompeuse ou d\u00e9loyale. <\/p>\n<h2>DROIT APPLICABLE ET JURIDICTION<\/h2>\n<p>Pour la r\u00e9solution de tous les litiges ou questions li\u00e9s \u00e0 ce site web ou aux activit\u00e9s qui y sont men\u00e9es, la l\u00e9gislation espagnole s&rsquo;applique, \u00e0 laquelle les parties se soumettent express\u00e9ment, et les cours et tribunaux de Donostia-San Sebasti\u00e1n (Gipuzkoa) sont comp\u00e9tents pour la r\u00e9solution de tous les litiges d\u00e9coulant de son utilisation ou li\u00e9s \u00e0 celle-ci.<\/p>\n","protected":false},"excerpt":{"rendered":"<p>Afin de respecter l&rsquo;article 10 de la loi 34\/2002 sur les services de la soci\u00e9t\u00e9 de l&rsquo;information et le commerce \u00e9lectronique, nous informons l&rsquo;utilisateur de nos donn\u00e9es. Nom commercial : Mecanizados Suguz Nom de l&rsquo;entreprise : SUGUZ, S.L. (ci-apr\u00e8s \u00ab\u00a0l&rsquo;entreprise\u00a0\u00bb ou le \u00ab\u00a0responsable\u00a0\u00bb) Si\u00e8ge social : Gudarien Hiribidea 39. 20140 Andoain, Gipuzkoa NUM\u00c9RO DE TVA [&hellip;]<\/p>\n","protected":false},"author":1,"featured_media":0,"parent":0,"menu_order":0,"comment_status":"closed","ping_status":"closed","template":"","meta":{"footnotes":""},"class_list":["post-4683","page","type-page","status-publish","hentry"],"yoast_head":"<!-- This site is optimized with the Yoast SEO plugin v24.7 - https:\/\/yoast.com\/wordpress\/plugins\/seo\/ -->\n<title>Avis juridique - Mecanizados Suguz<\/title>\n<meta name=\"robots\" content=\"index, follow, max-snippet:-1, max-image-preview:large, max-video-preview:-1\" \/>\n<link rel=\"canonical\" href=\"https:\/\/mecanizadossuguz.com\/fr\/avis-juridique\/\" \/>\n<meta property=\"og:locale\" content=\"fr_FR\" \/>\n<meta property=\"og:type\" content=\"article\" \/>\n<meta property=\"og:title\" content=\"Avis juridique - Mecanizados Suguz\" \/>\n<meta property=\"og:description\" content=\"Afin de respecter l&rsquo;article 10 de la loi 34\/2002 sur les services de la soci\u00e9t\u00e9 de l&rsquo;information et le commerce \u00e9lectronique, nous informons l&rsquo;utilisateur de nos donn\u00e9es. Nom commercial : Mecanizados Suguz Nom de l&rsquo;entreprise : SUGUZ, S.L. (ci-apr\u00e8s \u00ab\u00a0l&rsquo;entreprise\u00a0\u00bb ou le \u00ab\u00a0responsable\u00a0\u00bb) Si\u00e8ge social : Gudarien Hiribidea 39. 20140 Andoain, Gipuzkoa NUM\u00c9RO DE TVA [&hellip;]\" \/>\n<meta property=\"og:url\" content=\"https:\/\/mecanizadossuguz.com\/fr\/avis-juridique\/\" \/>\n<meta property=\"og:site_name\" content=\"Mecanizados Suguz\" \/>\n<meta name=\"twitter:card\" content=\"summary_large_image\" \/>\n<meta name=\"twitter:label1\" content=\"Dur\u00e9e de lecture estim\u00e9e\" \/>\n\t<meta name=\"twitter:data1\" content=\"8 minutes\" \/>\n<script type=\"application\/ld+json\" class=\"yoast-schema-graph\">{\"@context\":\"https:\/\/schema.org\",\"@graph\":[{\"@type\":\"WebPage\",\"@id\":\"https:\/\/mecanizadossuguz.com\/fr\/avis-juridique\/\",\"url\":\"https:\/\/mecanizadossuguz.com\/fr\/avis-juridique\/\",\"name\":\"Avis juridique - Mecanizados Suguz\",\"isPartOf\":{\"@id\":\"https:\/\/mecanizadossuguz.com\/fr\/#website\"},\"datePublished\":\"2024-05-21T09:51:24+00:00\",\"breadcrumb\":{\"@id\":\"https:\/\/mecanizadossuguz.com\/fr\/avis-juridique\/#breadcrumb\"},\"inLanguage\":\"fr-FR\",\"potentialAction\":[{\"@type\":\"ReadAction\",\"target\":[\"https:\/\/mecanizadossuguz.com\/fr\/avis-juridique\/\"]}]},{\"@type\":\"BreadcrumbList\",\"@id\":\"https:\/\/mecanizadossuguz.com\/fr\/avis-juridique\/#breadcrumb\",\"itemListElement\":[{\"@type\":\"ListItem\",\"position\":1,\"name\":\"Portada\",\"item\":\"https:\/\/mecanizadossuguz.com\/fr\/\"},{\"@type\":\"ListItem\",\"position\":2,\"name\":\"Avis juridique\"}]},{\"@type\":\"WebSite\",\"@id\":\"https:\/\/mecanizadossuguz.com\/fr\/#website\",\"url\":\"https:\/\/mecanizadossuguz.com\/fr\/\",\"name\":\"Mecanizados Suguz\",\"description\":\"Mecanizado de prototipos, piezas y series en Gipuzkoa\",\"publisher\":{\"@id\":\"https:\/\/mecanizadossuguz.com\/fr\/#organization\"},\"potentialAction\":[{\"@type\":\"SearchAction\",\"target\":{\"@type\":\"EntryPoint\",\"urlTemplate\":\"https:\/\/mecanizadossuguz.com\/fr\/?s={search_term_string}\"},\"query-input\":{\"@type\":\"PropertyValueSpecification\",\"valueRequired\":true,\"valueName\":\"search_term_string\"}}],\"inLanguage\":\"fr-FR\"},{\"@type\":\"Organization\",\"@id\":\"https:\/\/mecanizadossuguz.com\/fr\/#organization\",\"name\":\"Mecanizados Suguz sl\",\"url\":\"https:\/\/mecanizadossuguz.com\/fr\/\",\"logo\":{\"@type\":\"ImageObject\",\"inLanguage\":\"fr-FR\",\"@id\":\"https:\/\/mecanizadossuguz.com\/fr\/#\/schema\/logo\/image\/\",\"url\":\"https:\/\/mecanizadossuguz.com\/wp-content\/uploads\/logo-mecanizados-suguz_B-1.png\",\"contentUrl\":\"https:\/\/mecanizadossuguz.com\/wp-content\/uploads\/logo-mecanizados-suguz_B-1.png\",\"width\":322,\"height\":104,\"caption\":\"Mecanizados Suguz sl\"},\"image\":{\"@id\":\"https:\/\/mecanizadossuguz.com\/fr\/#\/schema\/logo\/image\/\"}}]}<\/script>\n<!-- \/ Yoast SEO plugin. -->","yoast_head_json":{"title":"Avis juridique - Mecanizados Suguz","robots":{"index":"index","follow":"follow","max-snippet":"max-snippet:-1","max-image-preview":"max-image-preview:large","max-video-preview":"max-video-preview:-1"},"canonical":"https:\/\/mecanizadossuguz.com\/fr\/avis-juridique\/","og_locale":"fr_FR","og_type":"article","og_title":"Avis juridique - Mecanizados Suguz","og_description":"Afin de respecter l&rsquo;article 10 de la loi 34\/2002 sur les services de la soci\u00e9t\u00e9 de l&rsquo;information et le commerce \u00e9lectronique, nous informons l&rsquo;utilisateur de nos donn\u00e9es. Nom commercial : Mecanizados Suguz Nom de l&rsquo;entreprise : SUGUZ, S.L. (ci-apr\u00e8s \u00ab\u00a0l&rsquo;entreprise\u00a0\u00bb ou le \u00ab\u00a0responsable\u00a0\u00bb) Si\u00e8ge social : Gudarien Hiribidea 39. 20140 Andoain, Gipuzkoa NUM\u00c9RO DE TVA [&hellip;]","og_url":"https:\/\/mecanizadossuguz.com\/fr\/avis-juridique\/","og_site_name":"Mecanizados Suguz","twitter_card":"summary_large_image","twitter_misc":{"Dur\u00e9e de lecture estim\u00e9e":"8 minutes"},"schema":{"@context":"https:\/\/schema.org","@graph":[{"@type":"WebPage","@id":"https:\/\/mecanizadossuguz.com\/fr\/avis-juridique\/","url":"https:\/\/mecanizadossuguz.com\/fr\/avis-juridique\/","name":"Avis juridique - Mecanizados Suguz","isPartOf":{"@id":"https:\/\/mecanizadossuguz.com\/fr\/#website"},"datePublished":"2024-05-21T09:51:24+00:00","breadcrumb":{"@id":"https:\/\/mecanizadossuguz.com\/fr\/avis-juridique\/#breadcrumb"},"inLanguage":"fr-FR","potentialAction":[{"@type":"ReadAction","target":["https:\/\/mecanizadossuguz.com\/fr\/avis-juridique\/"]}]},{"@type":"BreadcrumbList","@id":"https:\/\/mecanizadossuguz.com\/fr\/avis-juridique\/#breadcrumb","itemListElement":[{"@type":"ListItem","position":1,"name":"Portada","item":"https:\/\/mecanizadossuguz.com\/fr\/"},{"@type":"ListItem","position":2,"name":"Avis juridique"}]},{"@type":"WebSite","@id":"https:\/\/mecanizadossuguz.com\/fr\/#website","url":"https:\/\/mecanizadossuguz.com\/fr\/","name":"Mecanizados Suguz","description":"Mecanizado de prototipos, piezas y series en Gipuzkoa","publisher":{"@id":"https:\/\/mecanizadossuguz.com\/fr\/#organization"},"potentialAction":[{"@type":"SearchAction","target":{"@type":"EntryPoint","urlTemplate":"https:\/\/mecanizadossuguz.com\/fr\/?s={search_term_string}"},"query-input":{"@type":"PropertyValueSpecification","valueRequired":true,"valueName":"search_term_string"}}],"inLanguage":"fr-FR"},{"@type":"Organization","@id":"https:\/\/mecanizadossuguz.com\/fr\/#organization","name":"Mecanizados Suguz sl","url":"https:\/\/mecanizadossuguz.com\/fr\/","logo":{"@type":"ImageObject","inLanguage":"fr-FR","@id":"https:\/\/mecanizadossuguz.com\/fr\/#\/schema\/logo\/image\/","url":"https:\/\/mecanizadossuguz.com\/wp-content\/uploads\/logo-mecanizados-suguz_B-1.png","contentUrl":"https:\/\/mecanizadossuguz.com\/wp-content\/uploads\/logo-mecanizados-suguz_B-1.png","width":322,"height":104,"caption":"Mecanizados Suguz sl"},"image":{"@id":"https:\/\/mecanizadossuguz.com\/fr\/#\/schema\/logo\/image\/"}}]}},"_links":{"self":[{"href":"https:\/\/mecanizadossuguz.com\/fr\/wp-json\/wp\/v2\/pages\/4683","targetHints":{"allow":["GET"]}}],"collection":[{"href":"https:\/\/mecanizadossuguz.com\/fr\/wp-json\/wp\/v2\/pages"}],"about":[{"href":"https:\/\/mecanizadossuguz.com\/fr\/wp-json\/wp\/v2\/types\/page"}],"author":[{"embeddable":true,"href":"https:\/\/mecanizadossuguz.com\/fr\/wp-json\/wp\/v2\/users\/1"}],"replies":[{"embeddable":true,"href":"https:\/\/mecanizadossuguz.com\/fr\/wp-json\/wp\/v2\/comments?post=4683"}],"version-history":[{"count":0,"href":"https:\/\/mecanizadossuguz.com\/fr\/wp-json\/wp\/v2\/pages\/4683\/revisions"}],"wp:attachment":[{"href":"https:\/\/mecanizadossuguz.com\/fr\/wp-json\/wp\/v2\/media?parent=4683"}],"curies":[{"name":"wp","href":"https:\/\/api.w.org\/{rel}","templated":true}]}}